{"id":1288,"date":"2021-07-21T15:10:52","date_gmt":"2021-07-21T18:10:52","guid":{"rendered":"https:\/\/cib.udp.cl\/?page_id=1288"},"modified":"2021-10-07T11:46:42","modified_gmt":"2021-10-07T14:46:42","slug":"bme","status":"publish","type":"page","link":"https:\/\/cib.udp.cl\/en\/bme\/","title":{"rendered":"B&#038;ME"},"content":{"rendered":"<p>Since 2017, B&amp;ME has been a successful neuroscience training program for Latin American graduate students. In an international collaborative effort this year, we will carry it out in the capital city of Chile, Santiago. In 2017 and 2019 it was held at the Instituto de Investigaciones Biol\u00f3gicas Clemente Estable (IIBCE, MEC) in Montevideo (Uruguay).<\/p>\n<p>B&amp;ME 2017 and 2019 has provided theoretical and practical training to more than 75 participants, a significant interaction experience with world-class scientists.<\/p>\n<p>In an effort to strengthen B&amp;ME international nature, this year we will carry it out in the capital city of Chile, Santiago. Being organized by the Diego Portales University (UDP) and the Pontificia Universidad Cat\u00f3lica de Chile (PUC). B&amp;ME is coordinated by Dr. Mar\u00eda Castell\u00f3 (IIBCE, Uruguay) and Dra. Anabel Fern\u00e1ndez (IIBCE, Uruguay; School of Science, UdelaR), Dr. Juan F. Montiel (UDP) and Prof. Dr. Francisco Aboitiz (PUC).<\/p>\n<p>B&amp;ME-2021 will take place in a hybrid format and will consist of a nine days theoretical-practical course followed by a symposium.<\/p>\n<p>Students will have the opportunity to present their work and appreciate the different positions from other researchers and the B&amp;ME integrative perspective. For graduate students and postdoctorades physically attending it will be a requirement to present in the Symposium.<\/p>\n<p>B&amp;ME goals are:<\/p>\n<p>1) Improve Postgraduate Latin American student&#8217;s formation and knowledge of brain organization and the principles that govern its Evolution and subserve emergent properties as behavior and cognitive functions such as consciousness.<\/p>\n<p>2) Update Latin American Graduate student&#8217;s knowledge for a better approach to the state of the art of some specific themes and topics of Brain and Mind Evolution.<\/p>\n<p>3) To provide analytical tools on brain genomics, brain anatomy, and artificial intelligence research.<\/p>\n<p>The School will be divided into five units:<\/p>\n<p>Fundamentals<br \/>\nBrain Evolution &amp; Development<br \/>\nNovel approaches in Evolutionary Neurosciences<br \/>\nEvolutionary Cognition and learning, and<br \/>\nArtificial Intelligence.<\/p>\n<p>B&amp;ME involves 25 theoretical talks, two practicals, and five seminars.<\/p>\n<p>This School will convene world-class scientists working on different phylogenetic, temporal, and structural scales and exploring new strategies for data analysis.<\/p>\n<h1>Application form <a href=\"https:\/\/docs.google.com\/forms\/d\/e\/1FAIpQLSfBa_G_NZUlOwtUt4kJ9ZyUywIh7pSKW9JyupXtGKmeKqFgqg\/viewform\">click here<\/a>:<\/h1>\n<h2><\/h2>\n<h2>Sponsored by:<\/h2>\n<p><a href=\"https:\/\/ibro.org\"><img loading=\"lazy\" decoding=\"async\" class=\"alignnone wp-image-1335\" src=\"https:\/\/cib.udp.cl\/cms\/wp-content\/uploads\/2021\/07\/LOGO_IBRO_HRes_JPG_FINAL_942KB-1.jpg\" alt=\"\" width=\"300\" height=\"183\" \/><\/a> <a href=\"https:\/\/www.biologists.com\"><img loading=\"lazy\" decoding=\"async\" class=\"alignnone wp-image-1336\" src=\"https:\/\/cib.udp.cl\/cms\/wp-content\/uploads\/2021\/07\/2-CoB_logo_CMYK_bleed_for-print-only-1.jpg\" alt=\"\" width=\"300\" height=\"173\" \/><\/a><\/p>\n<h2>Supported by:<\/h2>\n<p>&nbsp;<\/p>\n<p><img loading=\"lazy\" decoding=\"async\" class=\"alignnone wp-image-1342\" src=\"https:\/\/cib.udp.cl\/cms\/wp-content\/uploads\/2021\/07\/Logo-MEC-IIBCE_color-RGB.jpg\" alt=\"\" width=\"500\" height=\"159\" \/><\/p>\n<h2><\/h2>\n<h2>Hosted by:<\/h2>\n<p><img loading=\"lazy\" decoding=\"async\" class=\"alignnone wp-image-1327\" src=\"https:\/\/cib.udp.cl\/cms\/wp-content\/uploads\/2021\/07\/Logo-CIB.jpg\" alt=\"\" width=\"500\" height=\"103\" \/> <img loading=\"lazy\" decoding=\"async\" class=\"alignnone wp-image-1341\" src=\"https:\/\/cib.udp.cl\/cms\/wp-content\/uploads\/2021\/07\/neuroUC-1.png\" alt=\"\" width=\"500\" height=\"76\" \/><\/p>","protected":false},"excerpt":{"rendered":"<p>Since 2017, B&amp;ME has been a successful neuroscience training program for Latin American graduate students. In an international collaborative effort this year, we will carry it out in the capital city of Chile, Santiago. In 2017 and 2019 it was held at the Instituto de Investigaciones Biol\u00f3gicas Clemente Estable (IIBCE, MEC) in Montevideo (Uruguay). B&amp;ME [&hellip;]<\/p>\n","protected":false},"author":6,"featured_media":1179,"parent":0,"menu_order":0,"comment_status":"closed","ping_status":"closed","template":"","meta":{"_acf_changed":false,"footnotes":""},"class_list":["post-1288","page","type-page","status-publish","has-post-thumbnail","hentry"],"acf":[],"img":"https:\/\/cib.udp.cl\/cms\/wp-content\/uploads\/2020\/12\/face-4776910_1920.jpg","_links":{"self":[{"href":"https:\/\/cib.udp.cl\/en\/wp-json\/wp\/v2\/pages\/1288","targetHints":{"allow":["GET"]}}],"collection":[{"href":"https:\/\/cib.udp.cl\/en\/wp-json\/wp\/v2\/pages"}],"about":[{"href":"https:\/\/cib.udp.cl\/en\/wp-json\/wp\/v2\/types\/page"}],"author":[{"embeddable":true,"href":"https:\/\/cib.udp.cl\/en\/wp-json\/wp\/v2\/users\/6"}],"replies":[{"embeddable":true,"href":"https:\/\/cib.udp.cl\/en\/wp-json\/wp\/v2\/comments?post=1288"}],"version-history":[{"count":34,"href":"https:\/\/cib.udp.cl\/en\/wp-json\/wp\/v2\/pages\/1288\/revisions"}],"predecessor-version":[{"id":1391,"href":"https:\/\/cib.udp.cl\/en\/wp-json\/wp\/v2\/pages\/1288\/revisions\/1391"}],"wp:featuredmedia":[{"embeddable":true,"href":"https:\/\/cib.udp.cl\/en\/wp-json\/wp\/v2\/media\/1179"}],"wp:attachment":[{"href":"https:\/\/cib.udp.cl\/en\/wp-json\/wp\/v2\/media?parent=1288"}],"curies":[{"name":"wp","href":"https:\/\/api.w.org\/{rel}","templated":true}]}}